{"id":194,"date":"2022-10-26T16:13:08","date_gmt":"2022-10-26T16:13:08","guid":{"rendered":"https:\/\/drgalambostamas.artproaudio.hu\/?page_id=194"},"modified":"2023-01-14T17:58:15","modified_gmt":"2023-01-14T17:58:15","slug":"tevekenysegek","status":"publish","type":"page","link":"https:\/\/drgalambostamas.hu\/en\/tevekenysegek\/","title":{"rendered":"Our Operations"},"content":{"rendered":"<p>Our Law Firm has a significant and wide experience in the following areas:<\/p>\n\n\n\n<p><strong>Company law<\/strong><\/p>\n\n\n\n<div class=\"wp-block-image\"><figure class=\"alignright size-large\"><img decoding=\"async\" src=\"http:\/\/drgalambostamas.hu\/wp-content\/uploads\/sites\/2\/2015\/12\/tarsasagi-jog11-e1666816301334.jpg\" alt=\"\"\/><figcaption>Company law<\/figcaption><\/figure><\/div>\n\n\n\n<ul><li>Formation and transformation of companies<\/li><li>Mergers and acquisitions<\/li><li>Drafting company law-related decisions that occur in the everyday life of companies<\/li><li>Full court of registration administration<\/li><li>Cases related to bankruptcy, winding-up and enforcement<\/li><li>Keeping the minutes at company events (members\u2019 meeting, general assembly, management board and supervisory board meetings) and drafting other legal documentation<\/li><li>In the context of acquisitions, the full legal audit of the target company (due diligence), including company law and labour law due diligence, and the audit of the total credit and contract portfolio<\/li><li>In cases of company transformation, involvement in the drafting of owners\u2019 decisions, and their notification to the court of registration and other authorities<\/li><li>Advice, representation and administration in domestic and foreign company formation issues; furthermore, dealing with legal matters of companies, other organisations, associations and foundations<\/li><\/ul>\n\n\n\n<p><strong>Property law<\/strong><\/p>\n\n\n\n<div class=\"wp-block-image\"><figure class=\"alignright size-large\"><img decoding=\"async\" src=\"http:\/\/drgalambostamas.hu\/wp-content\/uploads\/sites\/2\/2017\/02\/Ingatlanjog.jpg\" alt=\"\"\/><figcaption>Property law<\/figcaption><\/figure><\/div>\n\n\n\n<p>Legal advice on property sale, property development and utilisation, to both private individuals and companies.<\/p>\n\n\n\n<p>In the event of the purchase\/sale of any apartment, family home or property of other classification (construction lot, recreational properties, garages, land, etc.), or upon the conclusion of a property sale agreement, we can provide the following services to our partners:<\/p>\n\n\n\n<ul><li>examination of the property\u2019s status \/ acquisition of title deeds<\/li><li>assessment of the tax and duty implications of a sale<\/li><li>drafting or consultation on documentation related to a sale \/ rental \/ donation \/ operating transaction<\/li><\/ul>\n\n\n\n<ul><li>provision of custody services in connection with sales transactions<\/li><li>full administration and representation at the Land Registry<\/li><li>drafting a deed of foundation for condominiums; dealing with other administrative matters of condominiums<\/li><\/ul>\n\n\n\n<p><strong>Energy law<\/strong><\/p>\n\n\n\n<div class=\"wp-block-image\"><figure class=\"alignright size-full\"><img decoding=\"async\" loading=\"lazy\" width=\"400\" height=\"266\" src=\"http:\/\/drgalambostamas.hu\/wp-content\/uploads\/sites\/2\/2022\/11\/Energiajog-en.jpeg\" alt=\"\" class=\"wp-image-252\" srcset=\"https:\/\/drgalambostamas.hu\/wp-content\/uploads\/sites\/2\/2022\/11\/Energiajog-en.jpeg 400w, https:\/\/drgalambostamas.hu\/wp-content\/uploads\/sites\/2\/2022\/11\/Energiajog-en-300x200.jpeg 300w\" sizes=\"(max-width: 400px) 100vw, 400px\" \/><figcaption>Energy law<\/figcaption><\/figure><\/div>\n\n\n\n<p>Our activities include the following areas of energy law:<\/p>\n\n\n\n<ul><li>Drafting energy-related contracts<\/li><li>Advice on utility easement cases<\/li><li>Full administration of authorisation procedures<\/li><li>Advice on supply and trade of electricity and natural gas<\/li><li>Advice on electricity and natural gas supply agreements<\/li><li>Drafting Business Terms and Conditions<\/li><li>Advice on renewable energies<\/li><\/ul>\n\n\n\n<p><strong>Copyright law<\/strong><\/p>\n\n\n\n<div class=\"wp-block-image\"><figure class=\"alignright size-full\"><img decoding=\"async\" loading=\"lazy\" width=\"400\" height=\"300\" src=\"http:\/\/drgalambostamas.artproaudio.hu\/wp-content\/uploads\/sites\/2\/2017\/02\/Szerzoi-jog.jpg\" alt=\"\" class=\"wp-image-123\" srcset=\"https:\/\/drgalambostamas.hu\/wp-content\/uploads\/sites\/2\/2017\/02\/Szerzoi-jog.jpg 400w, https:\/\/drgalambostamas.hu\/wp-content\/uploads\/sites\/2\/2017\/02\/Szerzoi-jog-300x225.jpg 300w\" sizes=\"(max-width: 400px) 100vw, 400px\" \/><figcaption>Copyright law<\/figcaption><\/figure><\/div>\n\n\n\n<ul><li>Advice on works protected by copyright; legal advice on related rights performance<\/li><li>Drafting of and consultation on licence agreements<\/li><li>Enforcement of copyright; advice on matters of copyright infringement<\/li><li>Advice to users<\/li><\/ul>\n\n\n\n<p><strong>Data Protection<\/strong><\/p>\n\n\n\n<ul><li>Drafting privacy policies, information sheets and statements<\/li><li>Advice on privacy and data processing matters<\/li><\/ul>\n\n\n\n<p><strong>Other areas of civil law<\/strong><\/p>\n\n\n\n<ul><li>K\u00f6vetel\u00e9sek \u00e9rv\u00e9nyes\u00edt\u00e9s\u00e9vel kapcsolatos peres \u00e9s nemperes elj\u00e1r\u00e1sok<\/li><li>\u00d6r\u00f6kl\u00e9si \u00fcgyekben tan\u00e1csad\u00e1s, v\u00e9grendeletek k\u00e9sz\u00edt\u00e9se, k\u00e9pviselet hagyat\u00e9ki elj\u00e1r\u00e1sban<\/li><li>H\u00e1zass\u00e1gi vagyonjogi \u00fcgyekben tan\u00e1csad\u00e1s, okiratszerkeszt\u00e9s<\/li><\/ul>\n\n\n\n<hr class=\"wp-block-separator\"\/>\n\n\n\n<p class=\"has-normal-font-size\"><em>This site is maintained by the law firm registered by the Budapest Bar Association under No. 1569, in accordance with the legislation applicable to lawyers and with the internal policies, available on the website of the Hungarian Bar Association, together with information on customer rights:&nbsp;<\/em><a href=\"http:\/\/www.magyarugyvedikamara.hu\/\"><em>www.magyarugyvedikamara.hu<\/em><\/a><em>&nbsp;.<\/em><\/p>","protected":false},"excerpt":{"rendered":"<p>\u00dcgyv\u00e9di irod\u00e1nk jelent\u0151s \u00e9s sz\u00e9lesk\u00f6r\u0171 tapasztalattal rendelkezik a k\u00f6vetkez\u0151 ter\u00fcleteken: T\u00e1rsas\u00e1gi jog C\u00e9galap\u00edt\u00e1s, c\u00e9g \u00e1talakul\u00e1sok T\u00e1rsas\u00e1gok felv\u00e1s\u00e1rl\u00e1sa, \u00fczletr\u00e9szek megszerz\u00e9se T\u00e1rsas\u00e1gok \u00e9let\u00e9ben el\u0151fordul\u00f3 t\u00e1rsas\u00e1gi jogi vonatkoz\u00e1s\u00fa d\u00f6nt\u00e9sek el\u0151k\u00e9sz\u00edt\u00e9se Teljesk\u00f6r\u0171&hellip;<\/p>","protected":false},"author":1,"featured_media":0,"parent":0,"menu_order":0,"comment_status":"closed","ping_status":"closed","template":"template-full-width.php","meta":[],"_links":{"self":[{"href":"https:\/\/drgalambostamas.hu\/en\/wp-json\/wp\/v2\/pages\/194"}],"collection":[{"href":"https:\/\/drgalambostamas.hu\/en\/wp-json\/wp\/v2\/pages"}],"about":[{"href":"https:\/\/drgalambostamas.hu\/en\/wp-json\/wp\/v2\/types\/page"}],"author":[{"embeddable":true,"href":"https:\/\/drgalambostamas.hu\/en\/wp-json\/wp\/v2\/users\/1"}],"replies":[{"embeddable":true,"href":"https:\/\/drgalambostamas.hu\/en\/wp-json\/wp\/v2\/comments?post=194"}],"version-history":[{"count":12,"href":"https:\/\/drgalambostamas.hu\/en\/wp-json\/wp\/v2\/pages\/194\/revisions"}],"predecessor-version":[{"id":327,"href":"https:\/\/drgalambostamas.hu\/en\/wp-json\/wp\/v2\/pages\/194\/revisions\/327"}],"wp:attachment":[{"href":"https:\/\/drgalambostamas.hu\/en\/wp-json\/wp\/v2\/media?parent=194"}],"curies":[{"name":"wp","href":"https:\/\/api.w.org\/{rel}","templated":true}]}}