{"id":184,"date":"2022-10-26T16:00:47","date_gmt":"2022-10-26T16:00:47","guid":{"rendered":"https:\/\/drgalambostamas.artproaudio.hu\/?page_id=184"},"modified":"2023-01-14T17:49:31","modified_gmt":"2023-01-14T17:49:31","slug":"kezdolap","status":"publish","type":"page","link":"https:\/\/drgalambostamas.hu\/en\/","title":{"rendered":"Start page"},"content":{"rendered":"<p><\/p>\n\n\n\n<div class=\"is-layout-flex wp-container-3 wp-block-columns\">\n<div class=\"is-layout-flow wp-block-column\" style=\"flex-basis:33.32%\">\n<figure class=\"wp-block-image size-full\"><img decoding=\"async\" loading=\"lazy\" width=\"599\" height=\"898\" src=\"http:\/\/drgalambostamas.artproaudio.hu\/wp-content\/uploads\/sites\/2\/2017\/12\/IMG_2672.jpg\" alt=\"\" class=\"wp-image-146\" srcset=\"https:\/\/drgalambostamas.hu\/wp-content\/uploads\/sites\/2\/2017\/12\/IMG_2672.jpg 599w, https:\/\/drgalambostamas.hu\/wp-content\/uploads\/sites\/2\/2017\/12\/IMG_2672-200x300.jpg 200w\" sizes=\"(max-width: 599px) 100vw, 599px\" \/><\/figure>\n<\/div>\n\n\n\n<div class=\"is-layout-flow wp-block-column\" style=\"flex-basis:66.68%\">\n<p class=\"has-normal-font-size\">Dear Visitor!<\/p>\n\n\n\n<p class=\"has-normal-font-size\">Welcome to the website of Dr Galambos Tam\u00e1s Law Firm.&nbsp;<\/p>\n\n\n\n<p class=\"has-normal-font-size\">Look for us via our contact details when you need efficient and cost effective legal advice, on property law, company law, energy law, copyright law and personality law, as well as in the event of needing legal representation in settlements and disputes.<\/p>\n<\/div>\n<\/div>\n\n\n\n<div class=\"is-layout-flex wp-container-6 wp-block-columns\">\n<div class=\"is-layout-flow wp-block-column\" style=\"flex-basis:66.67%\">\n<p class=\"has-text-align-right has-normal-font-size\">We provide fast and complete information to our customers and we are particularly engaged in the acquisition of electricity and natural gas trade licences, drawing up and consultation on energy contracts, property leasing, rent, and donation cases, establishment and termination of companies and associations and amendments to instruments of incorporation, in both Hungarian and the English language.<\/p>\n<\/div>\n\n\n\n<div class=\"is-layout-flow wp-block-column\" style=\"flex-basis:33.33%\">\n<figure class=\"wp-block-image size-full\"><img decoding=\"async\" loading=\"lazy\" width=\"599\" height=\"898\" src=\"http:\/\/drgalambostamas.artproaudio.hu\/wp-content\/uploads\/sites\/2\/2017\/12\/IMG_2592.jpg\" alt=\"\" class=\"wp-image-143\" srcset=\"https:\/\/drgalambostamas.hu\/wp-content\/uploads\/sites\/2\/2017\/12\/IMG_2592.jpg 599w, https:\/\/drgalambostamas.hu\/wp-content\/uploads\/sites\/2\/2017\/12\/IMG_2592-200x300.jpg 200w\" sizes=\"(max-width: 599px) 100vw, 599px\" \/><\/figure>\n<\/div>\n<\/div>\n\n\n\n<p><strong>SPECIALIST AREAS<\/strong><\/p>\n\n\n\n<figure class=\"is-layout-flex wp-block-gallery-7 wp-block-gallery columns-3 is-cropped\"><ul class=\"blocks-gallery-grid\"><li class=\"blocks-gallery-item\"><figure><img decoding=\"async\" loading=\"lazy\" width=\"293\" height=\"172\" src=\"http:\/\/drgalambostamas.hu\/wp-content\/uploads\/sites\/2\/2015\/12\/polgari-jog11.jpg\" alt=\"\" data-id=\"75\" data-full-url=\"http:\/\/drgalambostamas.hu\/wp-content\/uploads\/sites\/2\/2015\/12\/polgari-jog11.jpg\" data-link=\"https:\/\/drgalambostamas.hu\/polgari-jog1-2\/\" class=\"wp-image-75\"\/><figcaption class=\"blocks-gallery-item__caption\">Civil law<\/figcaption><\/figure><\/li><li class=\"blocks-gallery-item\"><figure><img decoding=\"async\" loading=\"lazy\" width=\"600\" height=\"479\" src=\"http:\/\/drgalambostamas.hu\/wp-content\/uploads\/sites\/2\/2015\/12\/energia-jog11.jpg\" alt=\"\" data-id=\"72\" data-full-url=\"http:\/\/drgalambostamas.hu\/wp-content\/uploads\/sites\/2\/2015\/12\/energia-jog11.jpg\" data-link=\"https:\/\/drgalambostamas.hu\/energia-jog1-2\/\" class=\"wp-image-72\" srcset=\"https:\/\/drgalambostamas.hu\/wp-content\/uploads\/sites\/2\/2015\/12\/energia-jog11.jpg 600w, https:\/\/drgalambostamas.hu\/wp-content\/uploads\/sites\/2\/2015\/12\/energia-jog11-300x240.jpg 300w\" sizes=\"(max-width: 600px) 100vw, 600px\" \/><figcaption class=\"blocks-gallery-item__caption\">Energy law <\/figcaption><\/figure><\/li><li class=\"blocks-gallery-item\"><figure><img decoding=\"async\" loading=\"lazy\" width=\"1024\" height=\"767\" src=\"http:\/\/drgalambostamas.hu\/wp-content\/uploads\/sites\/2\/2015\/12\/ingatlanjog11.jpg\" alt=\"\" data-id=\"73\" data-full-url=\"http:\/\/drgalambostamas.hu\/wp-content\/uploads\/sites\/2\/2015\/12\/ingatlanjog11.jpg\" data-link=\"https:\/\/drgalambostamas.hu\/ingatlanjog1-2\/\" class=\"wp-image-73\" srcset=\"https:\/\/drgalambostamas.hu\/wp-content\/uploads\/sites\/2\/2015\/12\/ingatlanjog11.jpg 1024w, https:\/\/drgalambostamas.hu\/wp-content\/uploads\/sites\/2\/2015\/12\/ingatlanjog11-300x225.jpg 300w, https:\/\/drgalambostamas.hu\/wp-content\/uploads\/sites\/2\/2015\/12\/ingatlanjog11-768x575.jpg 768w\" sizes=\"(max-width: 1024px) 100vw, 1024px\" \/><figcaption class=\"blocks-gallery-item__caption\">Property law<\/figcaption><\/figure><\/li><li class=\"blocks-gallery-item\"><figure><img decoding=\"async\" loading=\"lazy\" width=\"300\" height=\"200\" src=\"http:\/\/drgalambostamas.hu\/wp-content\/uploads\/sites\/2\/2015\/12\/kovetelesek.jpg\" alt=\"\" data-id=\"74\" data-full-url=\"http:\/\/drgalambostamas.hu\/wp-content\/uploads\/sites\/2\/2015\/12\/kovetelesek.jpg\" data-link=\"https:\/\/drgalambostamas.hu\/kovetelesek\/\" class=\"wp-image-74\"\/><figcaption class=\"blocks-gallery-item__caption\">Receivables<\/figcaption><\/figure><\/li><li class=\"blocks-gallery-item\"><figure><img decoding=\"async\" loading=\"lazy\" width=\"400\" height=\"300\" src=\"http:\/\/drgalambostamas.hu\/wp-content\/uploads\/sites\/2\/2017\/02\/Szerzoi-jog.jpg\" alt=\"\" data-id=\"123\" data-full-url=\"http:\/\/drgalambostamas.hu\/wp-content\/uploads\/sites\/2\/2017\/02\/Szerzoi-jog.jpg\" data-link=\"https:\/\/drgalambostamas.hu\/szerzoi-jog\/\" class=\"wp-image-123\" srcset=\"https:\/\/drgalambostamas.hu\/wp-content\/uploads\/sites\/2\/2017\/02\/Szerzoi-jog.jpg 400w, https:\/\/drgalambostamas.hu\/wp-content\/uploads\/sites\/2\/2017\/02\/Szerzoi-jog-300x225.jpg 300w\" sizes=\"(max-width: 400px) 100vw, 400px\" \/><figcaption class=\"blocks-gallery-item__caption\">Copyright law<\/figcaption><\/figure><\/li><li class=\"blocks-gallery-item\"><figure><img decoding=\"async\" loading=\"lazy\" width=\"400\" height=\"400\" src=\"http:\/\/drgalambostamas.hu\/wp-content\/uploads\/sites\/2\/2017\/02\/Tarsasagi-jog.jpg\" alt=\"\" data-id=\"124\" data-full-url=\"http:\/\/drgalambostamas.hu\/wp-content\/uploads\/sites\/2\/2017\/02\/Tarsasagi-jog.jpg\" data-link=\"https:\/\/drgalambostamas.hu\/tarsasagi-jog\/\" class=\"wp-image-124\" srcset=\"https:\/\/drgalambostamas.hu\/wp-content\/uploads\/sites\/2\/2017\/02\/Tarsasagi-jog.jpg 400w, https:\/\/drgalambostamas.hu\/wp-content\/uploads\/sites\/2\/2017\/02\/Tarsasagi-jog-300x300.jpg 300w, https:\/\/drgalambostamas.hu\/wp-content\/uploads\/sites\/2\/2017\/02\/Tarsasagi-jog-150x150.jpg 150w\" sizes=\"(max-width: 400px) 100vw, 400px\" \/><figcaption class=\"blocks-gallery-item__caption\">Company law<\/figcaption><\/figure><\/li><\/ul><\/figure>\n\n\n\n<p><strong>THE REASON IT IS WORTH CHOOSING OUR LAW FIRM:<\/strong><\/p>\n\n\n\n<ul><li>Fast and comprehensive legal information and administration, also in the English language<\/li><\/ul>\n\n\n\n<ul><li>Customer driven solutions<\/li><\/ul>\n\n\n\n<ul><li>Task-oriented approach<\/li><\/ul>\n\n\n\n<ul><li>Wide ranging experience and relationships<\/li><\/ul>\n\n\n\n<hr class=\"wp-block-separator\"\/>\n\n\n\n<p class=\"has-normal-font-size\"><em>This site is maintained by the law firm registered by the Budapest Bar Association under No. 1569, in accordance with the legislation applicable to lawyers and with the internal policies, available on the website of the Hungarian Bar Association, together with information on customer rights:&nbsp;<\/em><a href=\"http:\/\/www.magyarugyvedikamara.hu\/\"><em>www.magyarugyvedikamara.hu<\/em><\/a><em>&nbsp;.<\/em><\/p>\n\n\n\n<p><\/p>","protected":false},"excerpt":{"rendered":"<p>Tisztelt L\u00e1togat\u00f3! \u00dcdv\u00f6zl\u00f6m a Dr. Galambos Tam\u00e1s \u00dcgyv\u00e9di Iroda oldal\u00e1n.&nbsp; Keressen minket el\u00e9rhet\u0151s\u00e9geinken, amennyiben hat\u00e9kony \u00e9s k\u00f6lts\u00e9gk\u00edm\u00e9l\u0151 jogi tan\u00e1csra, megold\u00e1sra van sz\u00fcks\u00e9ge ingatlan jogi, t\u00e1rsas\u00e1gi jog, energia jogi,&hellip;<\/p>","protected":false},"author":1,"featured_media":0,"parent":0,"menu_order":0,"comment_status":"closed","ping_status":"closed","template":"template-full-width.php","meta":[],"_links":{"self":[{"href":"https:\/\/drgalambostamas.hu\/en\/wp-json\/wp\/v2\/pages\/184"}],"collection":[{"href":"https:\/\/drgalambostamas.hu\/en\/wp-json\/wp\/v2\/pages"}],"about":[{"href":"https:\/\/drgalambostamas.hu\/en\/wp-json\/wp\/v2\/types\/page"}],"author":[{"embeddable":true,"href":"https:\/\/drgalambostamas.hu\/en\/wp-json\/wp\/v2\/users\/1"}],"replies":[{"embeddable":true,"href":"https:\/\/drgalambostamas.hu\/en\/wp-json\/wp\/v2\/comments?post=184"}],"version-history":[{"count":20,"href":"https:\/\/drgalambostamas.hu\/en\/wp-json\/wp\/v2\/pages\/184\/revisions"}],"predecessor-version":[{"id":323,"href":"https:\/\/drgalambostamas.hu\/en\/wp-json\/wp\/v2\/pages\/184\/revisions\/323"}],"wp:attachment":[{"href":"https:\/\/drgalambostamas.hu\/en\/wp-json\/wp\/v2\/media?parent=184"}],"curies":[{"name":"wp","href":"https:\/\/api.w.org\/{rel}","templated":true}]}}