{"id":175,"date":"2022-10-26T15:53:20","date_gmt":"2022-10-26T15:53:20","guid":{"rendered":"https:\/\/drgalambostamas.artproaudio.hu\/?page_id=175"},"modified":"2023-01-14T17:42:57","modified_gmt":"2023-01-14T17:42:57","slug":"kapcsolat","status":"publish","type":"page","link":"https:\/\/drgalambostamas.hu\/en\/kapcsolat\/","title":{"rendered":"Contact details"},"content":{"rendered":"<h2>Phone<\/h2>\n\n\n\n<p>Dr. Galambos Tam\u00e1s: +36-20-3465321<\/p>\n\n\n\n<p>Dr. Vincze T\u00edmea: +36-20-3957783<\/p>\n\n\n\n<h2>Address<\/h2>\n\n\n\n<p>1048 Budapest, Malomv\u00edz utca 2. fszt. 2.&nbsp;<\/p>\n\n\n\n<iframe src=\"https:\/\/www.google.com\/maps\/embed?pb=!1m18!1m12!1m3!1d2690.592500760257!2d19.110573815950247!3d47.59516767918391!2m3!1f0!2f0!3f0!3m2!1i1024!2i768!4f13.1!3m3!1m2!1s0x4741d0a160d9618b%3A0x2eb9ec570532fe5f!2sBudapest%2C%20Malomv%C3%ADz%20u.%202%2C%201048!5e0!3m2!1sen!2shu!4v1673295754878!5m2!1sen!2shu\" width=\"600\" height=\"450\" style=\"border:0;\" allowfullscreen=\"\" loading=\"lazy\" referrerpolicy=\"no-referrer-when-downgrade\"><\/iframe>\n\n\n\n<h2>E-mail<\/h2>\n\n\n\n<p> iroda@drgalambostamas.hu<\/p>\n\n\n\n<p><\/p>","protected":false},"excerpt":{"rendered":"<p>Telefon Dr. Galambos Tam\u00e1s: +36-20-3465321 Dr. Vincze T\u00edmea: +36-20-3957783 C\u00edm 1048 Budapest, Malomv\u00edz utca 2. fszt. 2.&nbsp; E-mail iroda@drgalambostamas.hu<\/p>","protected":false},"author":1,"featured_media":0,"parent":0,"menu_order":0,"comment_status":"closed","ping_status":"closed","template":"","meta":[],"_links":{"self":[{"href":"https:\/\/drgalambostamas.hu\/en\/wp-json\/wp\/v2\/pages\/175"}],"collection":[{"href":"https:\/\/drgalambostamas.hu\/en\/wp-json\/wp\/v2\/pages"}],"about":[{"href":"https:\/\/drgalambostamas.hu\/en\/wp-json\/wp\/v2\/types\/page"}],"author":[{"embeddable":true,"href":"https:\/\/drgalambostamas.hu\/en\/wp-json\/wp\/v2\/users\/1"}],"replies":[{"embeddable":true,"href":"https:\/\/drgalambostamas.hu\/en\/wp-json\/wp\/v2\/comments?post=175"}],"version-history":[{"count":9,"href":"https:\/\/drgalambostamas.hu\/en\/wp-json\/wp\/v2\/pages\/175\/revisions"}],"predecessor-version":[{"id":315,"href":"https:\/\/drgalambostamas.hu\/en\/wp-json\/wp\/v2\/pages\/175\/revisions\/315"}],"wp:attachment":[{"href":"https:\/\/drgalambostamas.hu\/en\/wp-json\/wp\/v2\/media?parent=175"}],"curies":[{"name":"wp","href":"https:\/\/api.w.org\/{rel}","templated":true}]}}